{"id":21687,"date":"2026-03-08T14:59:52","date_gmt":"2026-03-08T10:59:52","guid":{"rendered":"https:\/\/decorpro.az\/?post_type=product&#038;p=21687"},"modified":"2026-04-20T09:34:12","modified_gmt":"2026-04-20T05:34:12","slug":"2013","status":"publish","type":"product","link":"https:\/\/decorpro.az\/az\/product\/2013\/","title":{"rendered":"2013"},"content":{"rendered":"<p>F\u0259rqli \u00f6l\u00e7\u00fcl\u0259rd\u0259 sifari\u015f q\u0259bul olunur.<\/p>","protected":false},"excerpt":{"rendered":"<p>F\u0259rqli \u00f6l\u00e7\u00fcl\u0259rd\u0259 sifari\u015f q\u0259bul olunur.<\/p>","protected":false},"featured_media":21724,"comment_status":"open","ping_status":"closed","template":"","meta":[],"product_brand":[],"product_cat":[87],"product_tag":[],"class_list":{"0":"post-21687","1":"product","2":"type-product","3":"status-publish","4":"has-post-thumbnail","6":"product_cat-panolar","8":"first","9":"instock","10":"shipping-taxable","11":"product-type-simple"},"acf":[],"_links":{"self":[{"href":"https:\/\/decorpro.az\/az\/wp-json\/wp\/v2\/product\/21687","targetHints":{"allow":["GET"]}}],"collection":[{"href":"https:\/\/decorpro.az\/az\/wp-json\/wp\/v2\/product"}],"about":[{"href":"https:\/\/decorpro.az\/az\/wp-json\/wp\/v2\/types\/product"}],"replies":[{"embeddable":true,"href":"https:\/\/decorpro.az\/az\/wp-json\/wp\/v2\/comments?post=21687"}],"version-history":[{"count":2,"href":"https:\/\/decorpro.az\/az\/wp-json\/wp\/v2\/product\/21687\/revisions"}],"predecessor-version":[{"id":22065,"href":"https:\/\/decorpro.az\/az\/wp-json\/wp\/v2\/product\/21687\/revisions\/22065"}],"wp:featuredmedia":[{"embeddable":true,"href":"https:\/\/decorpro.az\/az\/wp-json\/wp\/v2\/media\/21724"}],"wp:attachment":[{"href":"https:\/\/decorpro.az\/az\/wp-json\/wp\/v2\/media?parent=21687"}],"wp:term":[{"taxonomy":"product_brand","embeddable":true,"href":"https:\/\/decorpro.az\/az\/wp-json\/wp\/v2\/product_brand?post=21687"},{"taxonomy":"product_cat","embeddable":true,"href":"https:\/\/decorpro.az\/az\/wp-json\/wp\/v2\/product_cat?post=21687"},{"taxonomy":"product_tag","embeddable":true,"href":"https:\/\/decorpro.az\/az\/wp-json\/wp\/v2\/product_tag?post=21687"}],"curies":[{"name":"wp","href":"https:\/\/api.w.org\/{rel}","templated":true}]}}