{"id":21677,"date":"2026-03-08T14:54:47","date_gmt":"2026-03-08T10:54:47","guid":{"rendered":"https:\/\/decorpro.az\/?post_type=product&#038;p=21677"},"modified":"2026-04-01T21:20:09","modified_gmt":"2026-04-01T17:20:09","slug":"1048","status":"publish","type":"product","link":"https:\/\/decorpro.az\/az\/product\/1048\/","title":{"rendered":"1048"},"content":{"rendered":"<p>F\u0259rqli \u00f6l\u00e7\u00fcl\u0259rd\u0259 sifari\u015f q\u0259bul olunur.<\/p>","protected":false},"excerpt":{"rendered":"<p>F\u0259rqli \u00f6l\u00e7\u00fcl\u0259rd\u0259 sifari\u015f q\u0259bul olunur.<\/p>","protected":false},"featured_media":21743,"comment_status":"open","ping_status":"closed","template":"","meta":[],"product_brand":[],"product_cat":[47],"product_tag":[],"class_list":{"0":"post-21677","1":"product","2":"type-product","3":"status-publish","4":"has-post-thumbnail","6":"product_cat-dekor","8":"first","9":"instock","10":"shipping-taxable","11":"product-type-simple"},"_links":{"self":[{"href":"https:\/\/decorpro.az\/az\/wp-json\/wp\/v2\/product\/21677","targetHints":{"allow":["GET"]}}],"collection":[{"href":"https:\/\/decorpro.az\/az\/wp-json\/wp\/v2\/product"}],"about":[{"href":"https:\/\/decorpro.az\/az\/wp-json\/wp\/v2\/types\/product"}],"replies":[{"embeddable":true,"href":"https:\/\/decorpro.az\/az\/wp-json\/wp\/v2\/comments?post=21677"}],"version-history":[{"count":1,"href":"https:\/\/decorpro.az\/az\/wp-json\/wp\/v2\/product\/21677\/revisions"}],"predecessor-version":[{"id":21678,"href":"https:\/\/decorpro.az\/az\/wp-json\/wp\/v2\/product\/21677\/revisions\/21678"}],"wp:featuredmedia":[{"embeddable":true,"href":"https:\/\/decorpro.az\/az\/wp-json\/wp\/v2\/media\/21743"}],"wp:attachment":[{"href":"https:\/\/decorpro.az\/az\/wp-json\/wp\/v2\/media?parent=21677"}],"wp:term":[{"taxonomy":"product_brand","embeddable":true,"href":"https:\/\/decorpro.az\/az\/wp-json\/wp\/v2\/product_brand?post=21677"},{"taxonomy":"product_cat","embeddable":true,"href":"https:\/\/decorpro.az\/az\/wp-json\/wp\/v2\/product_cat?post=21677"},{"taxonomy":"product_tag","embeddable":true,"href":"https:\/\/decorpro.az\/az\/wp-json\/wp\/v2\/product_tag?post=21677"}],"curies":[{"name":"wp","href":"https:\/\/api.w.org\/{rel}","templated":true}]}}