{"id":21669,"date":"2026-03-08T14:43:48","date_gmt":"2026-03-08T10:43:48","guid":{"rendered":"https:\/\/decorpro.az\/?post_type=product&#038;p=21669"},"modified":"2026-04-20T10:00:14","modified_gmt":"2026-04-20T06:00:14","slug":"1022","status":"publish","type":"product","link":"https:\/\/decorpro.az\/az\/product\/1022\/","title":{"rendered":"1022"},"content":{"rendered":"<p>F\u0259rqli \u00f6l\u00e7\u00fcl\u0259rd\u0259 sifari\u015f q\u0259bul olunur.<\/p>","protected":false},"excerpt":{"rendered":"<p>F\u0259rqli \u00f6l\u00e7\u00fcl\u0259rd\u0259 sifari\u015f q\u0259bul olunur.<\/p>","protected":false},"featured_media":21721,"comment_status":"open","ping_status":"closed","template":"","meta":[],"product_brand":[],"product_cat":[68],"product_tag":[],"class_list":{"0":"post-21669","1":"product","2":"type-product","3":"status-publish","4":"has-post-thumbnail","6":"product_cat-qravyuralar","8":"first","9":"instock","10":"shipping-taxable","11":"product-type-simple"},"_links":{"self":[{"href":"https:\/\/decorpro.az\/az\/wp-json\/wp\/v2\/product\/21669","targetHints":{"allow":["GET"]}}],"collection":[{"href":"https:\/\/decorpro.az\/az\/wp-json\/wp\/v2\/product"}],"about":[{"href":"https:\/\/decorpro.az\/az\/wp-json\/wp\/v2\/types\/product"}],"replies":[{"embeddable":true,"href":"https:\/\/decorpro.az\/az\/wp-json\/wp\/v2\/comments?post=21669"}],"version-history":[{"count":2,"href":"https:\/\/decorpro.az\/az\/wp-json\/wp\/v2\/product\/21669\/revisions"}],"predecessor-version":[{"id":22152,"href":"https:\/\/decorpro.az\/az\/wp-json\/wp\/v2\/product\/21669\/revisions\/22152"}],"wp:featuredmedia":[{"embeddable":true,"href":"https:\/\/decorpro.az\/az\/wp-json\/wp\/v2\/media\/21721"}],"wp:attachment":[{"href":"https:\/\/decorpro.az\/az\/wp-json\/wp\/v2\/media?parent=21669"}],"wp:term":[{"taxonomy":"product_brand","embeddable":true,"href":"https:\/\/decorpro.az\/az\/wp-json\/wp\/v2\/product_brand?post=21669"},{"taxonomy":"product_cat","embeddable":true,"href":"https:\/\/decorpro.az\/az\/wp-json\/wp\/v2\/product_cat?post=21669"},{"taxonomy":"product_tag","embeddable":true,"href":"https:\/\/decorpro.az\/az\/wp-json\/wp\/v2\/product_tag?post=21669"}],"curies":[{"name":"wp","href":"https:\/\/api.w.org\/{rel}","templated":true}]}}