{"id":21663,"date":"2026-03-08T14:40:40","date_gmt":"2026-03-08T10:40:40","guid":{"rendered":"https:\/\/decorpro.az\/?post_type=product&#038;p=21663"},"modified":"2026-03-24T17:08:09","modified_gmt":"2026-03-24T13:08:09","slug":"1041","status":"publish","type":"product","link":"https:\/\/decorpro.az\/az\/product\/1041\/","title":{"rendered":"1041"},"content":{"rendered":"<p>F\u0259rqli \u00f6l\u00e7\u00fcl\u0259rd\u0259 sifari\u015f q\u0259bul olunur.<\/p>","protected":false},"excerpt":{"rendered":"<p>F\u0259rqli \u00f6l\u00e7\u00fcl\u0259rd\u0259 sifari\u015f q\u0259bul olunur.<\/p>","protected":false},"featured_media":21719,"comment_status":"open","ping_status":"closed","template":"","meta":[],"product_brand":[],"product_cat":[16],"product_tag":[],"class_list":{"0":"post-21663","1":"product","2":"type-product","3":"status-publish","4":"has-post-thumbnail","6":"product_cat-uncategorized","8":"first","9":"instock","10":"shipping-taxable","11":"product-type-simple"},"_links":{"self":[{"href":"https:\/\/decorpro.az\/az\/wp-json\/wp\/v2\/product\/21663","targetHints":{"allow":["GET"]}}],"collection":[{"href":"https:\/\/decorpro.az\/az\/wp-json\/wp\/v2\/product"}],"about":[{"href":"https:\/\/decorpro.az\/az\/wp-json\/wp\/v2\/types\/product"}],"replies":[{"embeddable":true,"href":"https:\/\/decorpro.az\/az\/wp-json\/wp\/v2\/comments?post=21663"}],"version-history":[{"count":1,"href":"https:\/\/decorpro.az\/az\/wp-json\/wp\/v2\/product\/21663\/revisions"}],"predecessor-version":[{"id":21664,"href":"https:\/\/decorpro.az\/az\/wp-json\/wp\/v2\/product\/21663\/revisions\/21664"}],"wp:featuredmedia":[{"embeddable":true,"href":"https:\/\/decorpro.az\/az\/wp-json\/wp\/v2\/media\/21719"}],"wp:attachment":[{"href":"https:\/\/decorpro.az\/az\/wp-json\/wp\/v2\/media?parent=21663"}],"wp:term":[{"taxonomy":"product_brand","embeddable":true,"href":"https:\/\/decorpro.az\/az\/wp-json\/wp\/v2\/product_brand?post=21663"},{"taxonomy":"product_cat","embeddable":true,"href":"https:\/\/decorpro.az\/az\/wp-json\/wp\/v2\/product_cat?post=21663"},{"taxonomy":"product_tag","embeddable":true,"href":"https:\/\/decorpro.az\/az\/wp-json\/wp\/v2\/product_tag?post=21663"}],"curies":[{"name":"wp","href":"https:\/\/api.w.org\/{rel}","templated":true}]}}