{"id":21654,"date":"2026-03-08T14:35:40","date_gmt":"2026-03-08T10:35:40","guid":{"rendered":"https:\/\/decorpro.az\/?post_type=product&#038;p=21654"},"modified":"2026-04-20T09:32:40","modified_gmt":"2026-04-20T05:32:40","slug":"2006","status":"publish","type":"product","link":"https:\/\/decorpro.az\/az\/product\/2006\/","title":{"rendered":"2006"},"content":{"rendered":"<p>F\u0259rqli \u00f6l\u00e7\u00fcl\u0259rd\u0259 sifari\u015f q\u0259bul olunur.<\/p>","protected":false},"excerpt":{"rendered":"<p>F\u0259rqli \u00f6l\u00e7\u00fcl\u0259rd\u0259 sifari\u015f q\u0259bul olunur.<\/p>","protected":false},"featured_media":21715,"comment_status":"open","ping_status":"closed","template":"","meta":[],"product_brand":[],"product_cat":[87],"product_tag":[],"class_list":{"0":"post-21654","1":"product","2":"type-product","3":"status-publish","4":"has-post-thumbnail","6":"product_cat-panolar","8":"first","9":"instock","10":"shipping-taxable","11":"product-type-simple"},"acf":[],"_links":{"self":[{"href":"https:\/\/decorpro.az\/az\/wp-json\/wp\/v2\/product\/21654","targetHints":{"allow":["GET"]}}],"collection":[{"href":"https:\/\/decorpro.az\/az\/wp-json\/wp\/v2\/product"}],"about":[{"href":"https:\/\/decorpro.az\/az\/wp-json\/wp\/v2\/types\/product"}],"replies":[{"embeddable":true,"href":"https:\/\/decorpro.az\/az\/wp-json\/wp\/v2\/comments?post=21654"}],"version-history":[{"count":2,"href":"https:\/\/decorpro.az\/az\/wp-json\/wp\/v2\/product\/21654\/revisions"}],"predecessor-version":[{"id":22058,"href":"https:\/\/decorpro.az\/az\/wp-json\/wp\/v2\/product\/21654\/revisions\/22058"}],"wp:featuredmedia":[{"embeddable":true,"href":"https:\/\/decorpro.az\/az\/wp-json\/wp\/v2\/media\/21715"}],"wp:attachment":[{"href":"https:\/\/decorpro.az\/az\/wp-json\/wp\/v2\/media?parent=21654"}],"wp:term":[{"taxonomy":"product_brand","embeddable":true,"href":"https:\/\/decorpro.az\/az\/wp-json\/wp\/v2\/product_brand?post=21654"},{"taxonomy":"product_cat","embeddable":true,"href":"https:\/\/decorpro.az\/az\/wp-json\/wp\/v2\/product_cat?post=21654"},{"taxonomy":"product_tag","embeddable":true,"href":"https:\/\/decorpro.az\/az\/wp-json\/wp\/v2\/product_tag?post=21654"}],"curies":[{"name":"wp","href":"https:\/\/api.w.org\/{rel}","templated":true}]}}