{"id":21485,"date":"2026-02-01T14:56:07","date_gmt":"2026-02-01T10:56:07","guid":{"rendered":"https:\/\/decorpro.az\/?post_type=product&#038;p=21485"},"modified":"2026-03-08T14:05:57","modified_gmt":"2026-03-08T10:05:57","slug":"1006","status":"publish","type":"product","link":"https:\/\/decorpro.az\/az\/product\/1006\/","title":{"rendered":"1006"},"content":{"rendered":"<p>F\u0259rqli \u00f6l\u00e7\u00fcd\u0259 sifari\u015f q\u0259bul edilir.<\/p>","protected":false},"excerpt":{"rendered":"<p>F\u0259rqli \u00f6l\u00e7\u00fcd\u0259 sifari\u015f q\u0259bul edilir.<\/p>","protected":false},"featured_media":21415,"comment_status":"open","ping_status":"closed","template":"","meta":[],"product_brand":[],"product_cat":[68],"product_tag":[],"class_list":{"0":"post-21485","1":"product","2":"type-product","3":"status-publish","4":"has-post-thumbnail","6":"product_cat-qravyuralar","8":"first","9":"instock","10":"shipping-taxable","11":"product-type-simple"},"_links":{"self":[{"href":"https:\/\/decorpro.az\/az\/wp-json\/wp\/v2\/product\/21485","targetHints":{"allow":["GET"]}}],"collection":[{"href":"https:\/\/decorpro.az\/az\/wp-json\/wp\/v2\/product"}],"about":[{"href":"https:\/\/decorpro.az\/az\/wp-json\/wp\/v2\/types\/product"}],"replies":[{"embeddable":true,"href":"https:\/\/decorpro.az\/az\/wp-json\/wp\/v2\/comments?post=21485"}],"version-history":[{"count":2,"href":"https:\/\/decorpro.az\/az\/wp-json\/wp\/v2\/product\/21485\/revisions"}],"predecessor-version":[{"id":21616,"href":"https:\/\/decorpro.az\/az\/wp-json\/wp\/v2\/product\/21485\/revisions\/21616"}],"wp:featuredmedia":[{"embeddable":true,"href":"https:\/\/decorpro.az\/az\/wp-json\/wp\/v2\/media\/21415"}],"wp:attachment":[{"href":"https:\/\/decorpro.az\/az\/wp-json\/wp\/v2\/media?parent=21485"}],"wp:term":[{"taxonomy":"product_brand","embeddable":true,"href":"https:\/\/decorpro.az\/az\/wp-json\/wp\/v2\/product_brand?post=21485"},{"taxonomy":"product_cat","embeddable":true,"href":"https:\/\/decorpro.az\/az\/wp-json\/wp\/v2\/product_cat?post=21485"},{"taxonomy":"product_tag","embeddable":true,"href":"https:\/\/decorpro.az\/az\/wp-json\/wp\/v2\/product_tag?post=21485"}],"curies":[{"name":"wp","href":"https:\/\/api.w.org\/{rel}","templated":true}]}}