{"id":21420,"date":"2026-03-10T17:33:14","date_gmt":"2026-03-10T13:33:14","guid":{"rendered":"https:\/\/decorpro.az\/?post_type=product&#038;p=21420"},"modified":"2026-03-11T10:50:55","modified_gmt":"2026-03-11T06:50:55","slug":"1001","status":"publish","type":"product","link":"https:\/\/decorpro.az\/az\/product\/1001\/","title":{"rendered":"1001"},"content":{"rendered":"<p>F\u0259rqli \u00f6l\u00e7\u00fcl\u0259rd\u0259 sifari\u015fl\u0259r q\u0259bul olunur.<\/p>","protected":false},"excerpt":{"rendered":"<p>F\u0259rqli \u00f6l\u00e7\u00fcl\u0259rd\u0259 sifari\u015fl\u0259r q\u0259bul olunur.<\/p>","protected":false},"featured_media":21421,"comment_status":"open","ping_status":"closed","template":"","meta":[],"product_brand":[],"product_cat":[68],"product_tag":[70,71,69],"class_list":{"0":"post-21420","1":"product","2":"type-product","3":"status-publish","4":"has-post-thumbnail","6":"product_cat-qravyuralar","7":"product_tag-carpet","8":"product_tag-qravyura","9":"product_tag-xalca","11":"first","12":"instock","13":"shipping-taxable","14":"product-type-simple"},"_links":{"self":[{"href":"https:\/\/decorpro.az\/az\/wp-json\/wp\/v2\/product\/21420","targetHints":{"allow":["GET"]}}],"collection":[{"href":"https:\/\/decorpro.az\/az\/wp-json\/wp\/v2\/product"}],"about":[{"href":"https:\/\/decorpro.az\/az\/wp-json\/wp\/v2\/types\/product"}],"replies":[{"embeddable":true,"href":"https:\/\/decorpro.az\/az\/wp-json\/wp\/v2\/comments?post=21420"}],"version-history":[{"count":2,"href":"https:\/\/decorpro.az\/az\/wp-json\/wp\/v2\/product\/21420\/revisions"}],"predecessor-version":[{"id":21611,"href":"https:\/\/decorpro.az\/az\/wp-json\/wp\/v2\/product\/21420\/revisions\/21611"}],"wp:featuredmedia":[{"embeddable":true,"href":"https:\/\/decorpro.az\/az\/wp-json\/wp\/v2\/media\/21421"}],"wp:attachment":[{"href":"https:\/\/decorpro.az\/az\/wp-json\/wp\/v2\/media?parent=21420"}],"wp:term":[{"taxonomy":"product_brand","embeddable":true,"href":"https:\/\/decorpro.az\/az\/wp-json\/wp\/v2\/product_brand?post=21420"},{"taxonomy":"product_cat","embeddable":true,"href":"https:\/\/decorpro.az\/az\/wp-json\/wp\/v2\/product_cat?post=21420"},{"taxonomy":"product_tag","embeddable":true,"href":"https:\/\/decorpro.az\/az\/wp-json\/wp\/v2\/product_tag?post=21420"}],"curies":[{"name":"wp","href":"https:\/\/api.w.org\/{rel}","templated":true}]}}