{"id":21770,"date":"2026-03-30T22:36:51","date_gmt":"2026-03-30T18:36:51","guid":{"rendered":"https:\/\/decorpro.az\/?page_id=21770"},"modified":"2026-03-31T00:03:19","modified_gmt":"2026-03-30T20:03:19","slug":"layih%c9%99l%c9%99rimiz","status":"publish","type":"page","link":"https:\/\/decorpro.az\/az\/layih%c9%99l%c9%99rimiz\/","title":{"rendered":"Layih\u0259l\u0259rimiz"},"content":{"rendered":"<div data-elementor-type=\"wp-page\" data-elementor-id=\"21770\" class=\"elementor elementor-21770\" data-elementor-post-type=\"page\">\n\t\t\t\t<div class=\"elementor-element elementor-element-0950c9d e-flex e-con-boxed e-con e-parent\" data-id=\"0950c9d\" data-element_type=\"container\" data-e-type=\"container\">\n\t\t\t\t\t<div class=\"e-con-inner\">\n\t\t\t\t<div class=\"elementor-element elementor-element-d1a82d4 elementor-position-right elementor-vertical-align-middle elementor-widget elementor-widget-image-box\" data-id=\"d1a82d4\" data-element_type=\"widget\" data-e-type=\"widget\" data-widget_type=\"image-box.default\">\n\t\t\t\t<div class=\"elementor-widget-container\">\n\t\t\t\t\t<div class=\"elementor-image-box-wrapper\"><figure class=\"elementor-image-box-img\"><img fetchpriority=\"high\" decoding=\"async\" width=\"1980\" height=\"1100\" src=\"https:\/\/decorpro.az\/wp-content\/uploads\/2026\/03\/1762007005_lachin-resort-spa.jpg\" class=\"attachment-full size-full wp-image-21773\" alt=\"\" srcset=\"https:\/\/decorpro.az\/wp-content\/uploads\/2026\/03\/1762007005_lachin-resort-spa.jpg 1980w, https:\/\/decorpro.az\/wp-content\/uploads\/2026\/03\/1762007005_lachin-resort-spa-300x167.jpg 300w, https:\/\/decorpro.az\/wp-content\/uploads\/2026\/03\/1762007005_lachin-resort-spa-1024x569.jpg 1024w, https:\/\/decorpro.az\/wp-content\/uploads\/2026\/03\/1762007005_lachin-resort-spa-768x427.jpg 768w, https:\/\/decorpro.az\/wp-content\/uploads\/2026\/03\/1762007005_lachin-resort-spa-1536x853.jpg 1536w, https:\/\/decorpro.az\/wp-content\/uploads\/2026\/03\/1762007005_lachin-resort-spa-18x10.jpg 18w, https:\/\/decorpro.az\/wp-content\/uploads\/2026\/03\/1762007005_lachin-resort-spa-600x333.jpg 600w\" sizes=\"(max-width: 1980px) 100vw, 1980px\" \/><\/figure><div class=\"elementor-image-box-content\"><h3 class=\"elementor-image-box-title\">\u201cLa\u00e7\u0131n Resort &amp; Spa Hotel\u201d<\/h3><p class=\"elementor-image-box-description\">Sifari\u015f\u00e7i \u201cTVM \u0130N\u015faat\u201d MMC<\/p><\/div><\/div>\t\t\t\t<\/div>\n\t\t\t\t<\/div>\n\t\t\t\t\t<\/div>\n\t\t\t\t<\/div>\n\t\t<div class=\"elementor-element elementor-element-ecfd0e0 e-flex e-con-boxed e-con e-parent\" data-id=\"ecfd0e0\" data-element_type=\"container\" data-e-type=\"container\">\n\t\t\t\t\t<div class=\"e-con-inner\">\n\t\t\t\t<div class=\"elementor-element elementor-element-b1d57c7 elementor-position-left elementor-vertical-align-middle elementor-widget elementor-widget-image-box\" data-id=\"b1d57c7\" data-element_type=\"widget\" data-e-type=\"widget\" data-widget_type=\"image-box.default\">\n\t\t\t\t<div class=\"elementor-widget-container\">\n\t\t\t\t\t<div class=\"elementor-image-box-wrapper\"><figure class=\"elementor-image-box-img\"><img decoding=\"async\" width=\"850\" height=\"530\" src=\"https:\/\/decorpro.az\/wp-content\/uploads\/2026\/03\/8169074e616a457.webp\" class=\"attachment-full size-full wp-image-21774\" alt=\"\" srcset=\"https:\/\/decorpro.az\/wp-content\/uploads\/2026\/03\/8169074e616a457.webp 850w, https:\/\/decorpro.az\/wp-content\/uploads\/2026\/03\/8169074e616a457-300x187.webp 300w, https:\/\/decorpro.az\/wp-content\/uploads\/2026\/03\/8169074e616a457-768x479.webp 768w, https:\/\/decorpro.az\/wp-content\/uploads\/2026\/03\/8169074e616a457-18x12.webp 18w, https:\/\/decorpro.az\/wp-content\/uploads\/2026\/03\/8169074e616a457-600x374.webp 600w\" sizes=\"(max-width: 850px) 100vw, 850px\" \/><\/figure><div class=\"elementor-image-box-content\"><h3 class=\"elementor-image-box-title\">\u201cXank\u0259ndi Konqres M\u0259rk\u0259zi\u201d<\/h3><p class=\"elementor-image-box-description\">Sifari\u015f\u00e7i- \u0130nnova \u0130n\u015faat\u201dMMC<\/p><\/div><\/div>\t\t\t\t<\/div>\n\t\t\t\t<\/div>\n\t\t\t\t\t<\/div>\n\t\t\t\t<\/div>\n\t\t<div class=\"elementor-element elementor-element-e5aa631 e-flex e-con-boxed e-con e-parent\" data-id=\"e5aa631\" data-element_type=\"container\" data-e-type=\"container\">\n\t\t\t\t\t<div class=\"e-con-inner\">\n\t\t\t\t<div class=\"elementor-element elementor-element-5325973 elementor-position-right elementor-vertical-align-middle elementor-widget elementor-widget-image-box\" data-id=\"5325973\" data-element_type=\"widget\" data-e-type=\"widget\" data-widget_type=\"image-box.default\">\n\t\t\t\t<div class=\"elementor-widget-container\">\n\t\t\t\t\t<div class=\"elementor-image-box-wrapper\"><figure class=\"elementor-image-box-img\"><img decoding=\"async\" width=\"2173\" height=\"1449\" src=\"https:\/\/decorpro.az\/wp-content\/uploads\/2026\/03\/shusha_1.jpg\" class=\"attachment-full size-full wp-image-21775\" alt=\"\" srcset=\"https:\/\/decorpro.az\/wp-content\/uploads\/2026\/03\/shusha_1.jpg 2173w, https:\/\/decorpro.az\/wp-content\/uploads\/2026\/03\/shusha_1-300x200.jpg 300w, https:\/\/decorpro.az\/wp-content\/uploads\/2026\/03\/shusha_1-1024x683.jpg 1024w, https:\/\/decorpro.az\/wp-content\/uploads\/2026\/03\/shusha_1-768x512.jpg 768w, https:\/\/decorpro.az\/wp-content\/uploads\/2026\/03\/shusha_1-1536x1024.jpg 1536w, https:\/\/decorpro.az\/wp-content\/uploads\/2026\/03\/shusha_1-2048x1366.jpg 2048w, https:\/\/decorpro.az\/wp-content\/uploads\/2026\/03\/shusha_1-18x12.jpg 18w, https:\/\/decorpro.az\/wp-content\/uploads\/2026\/03\/shusha_1-600x400.jpg 600w\" sizes=\"(max-width: 2173px) 100vw, 2173px\" \/><\/figure><div class=\"elementor-image-box-content\"><h3 class=\"elementor-image-box-title\">\u201c\u015eu\u015fa Qonaq Evi\u201d<\/h3><p class=\"elementor-image-box-description\">Sifari\u015f\u00e7i - Ad\u0131n\u0131n m\u0259xvi saxlan\u0131lmas\u0131 bildirdi<\/p><\/div><\/div>\t\t\t\t<\/div>\n\t\t\t\t<\/div>\n\t\t\t\t\t<\/div>\n\t\t\t\t<\/div>\n\t\t<div class=\"elementor-element elementor-element-9719cc4 e-flex e-con-boxed e-con e-parent\" data-id=\"9719cc4\" data-element_type=\"container\" data-e-type=\"container\">\n\t\t\t\t\t<div class=\"e-con-inner\">\n\t\t\t\t<div class=\"elementor-element elementor-element-a26a3b4 elementor-position-left elementor-vertical-align-middle elementor-widget elementor-widget-image-box\" data-id=\"a26a3b4\" data-element_type=\"widget\" data-e-type=\"widget\" data-widget_type=\"image-box.default\">\n\t\t\t\t<div class=\"elementor-widget-container\">\n\t\t\t\t\t<div class=\"elementor-image-box-wrapper\"><figure class=\"elementor-image-box-img\"><img loading=\"lazy\" decoding=\"async\" width=\"1920\" height=\"1280\" src=\"https:\/\/decorpro.az\/wp-content\/uploads\/2026\/03\/1iUWgAYLC14IQNAnZdQjwjTwcxhKSDmrK5itY52e.jpg\" class=\"attachment-full size-full wp-image-21776\" alt=\"\" srcset=\"https:\/\/decorpro.az\/wp-content\/uploads\/2026\/03\/1iUWgAYLC14IQNAnZdQjwjTwcxhKSDmrK5itY52e.jpg 1920w, https:\/\/decorpro.az\/wp-content\/uploads\/2026\/03\/1iUWgAYLC14IQNAnZdQjwjTwcxhKSDmrK5itY52e-300x200.jpg 300w, https:\/\/decorpro.az\/wp-content\/uploads\/2026\/03\/1iUWgAYLC14IQNAnZdQjwjTwcxhKSDmrK5itY52e-1024x683.jpg 1024w, https:\/\/decorpro.az\/wp-content\/uploads\/2026\/03\/1iUWgAYLC14IQNAnZdQjwjTwcxhKSDmrK5itY52e-768x512.jpg 768w, https:\/\/decorpro.az\/wp-content\/uploads\/2026\/03\/1iUWgAYLC14IQNAnZdQjwjTwcxhKSDmrK5itY52e-1536x1024.jpg 1536w, https:\/\/decorpro.az\/wp-content\/uploads\/2026\/03\/1iUWgAYLC14IQNAnZdQjwjTwcxhKSDmrK5itY52e-18x12.jpg 18w, https:\/\/decorpro.az\/wp-content\/uploads\/2026\/03\/1iUWgAYLC14IQNAnZdQjwjTwcxhKSDmrK5itY52e-600x400.jpg 600w\" sizes=\"(max-width: 1920px) 100vw, 1920px\" \/><\/figure><div class=\"elementor-image-box-content\"><h3 class=\"elementor-image-box-title\">\u201cQ\u0259b\u0259l\u0259 Konqres M\u0259rk\u0259zi\u201d<\/h3><p class=\"elementor-image-box-description\">Sifari\u015f\u00e7i \u201c Foton\u201d MMC<\/p><\/div><\/div>\t\t\t\t<\/div>\n\t\t\t\t<\/div>\n\t\t\t\t\t<\/div>\n\t\t\t\t<\/div>\n\t\t<div class=\"elementor-element elementor-element-1aab18d e-flex e-con-boxed e-con e-parent\" data-id=\"1aab18d\" data-element_type=\"container\" data-e-type=\"container\">\n\t\t\t\t\t<div class=\"e-con-inner\">\n\t\t\t\t<div class=\"elementor-element elementor-element-042bc52 elementor-position-right elementor-vertical-align-middle elementor-widget elementor-widget-image-box\" data-id=\"042bc52\" data-element_type=\"widget\" data-e-type=\"widget\" data-widget_type=\"image-box.default\">\n\t\t\t\t<div class=\"elementor-widget-container\">\n\t\t\t\t\t<div class=\"elementor-image-box-wrapper\"><figure class=\"elementor-image-box-img\"><img loading=\"lazy\" decoding=\"async\" width=\"750\" height=\"452\" src=\"https:\/\/decorpro.az\/wp-content\/uploads\/2026\/03\/hacik-ndd-otelin-tikintisi-yarimciq-qalib.jpg\" class=\"attachment-full size-full wp-image-21777\" alt=\"\" srcset=\"https:\/\/decorpro.az\/wp-content\/uploads\/2026\/03\/hacik-ndd-otelin-tikintisi-yarimciq-qalib.jpg 750w, https:\/\/decorpro.az\/wp-content\/uploads\/2026\/03\/hacik-ndd-otelin-tikintisi-yarimciq-qalib-300x181.jpg 300w, https:\/\/decorpro.az\/wp-content\/uploads\/2026\/03\/hacik-ndd-otelin-tikintisi-yarimciq-qalib-18x12.jpg 18w, https:\/\/decorpro.az\/wp-content\/uploads\/2026\/03\/hacik-ndd-otelin-tikintisi-yarimciq-qalib-600x362.jpg 600w\" sizes=\"(max-width: 750px) 100vw, 750px\" \/><\/figure><div class=\"elementor-image-box-content\"><h3 class=\"elementor-image-box-title\">\u201cHac\u0131k\u0259nd Resort &amp; Spa Hotel\u201d<\/h3><p class=\"elementor-image-box-description\">Sifari\u015f\u00e7i \u201c TVM \u0130n\u015faat \u201dMMC<\/p><\/div><\/div>\t\t\t\t<\/div>\n\t\t\t\t<\/div>\n\t\t\t\t\t<\/div>\n\t\t\t\t<\/div>\n\t\t\t\t<\/div>","protected":false},"excerpt":{"rendered":"<p>\u201cLa\u00e7\u0131n Resort &amp; Spa Hotel\u201d Sifari\u015f\u00e7i \u201cTVM \u0130N\u015faat\u201d MMC \u201cXank\u0259ndi Konqres M\u0259rk\u0259zi\u201d Sifari\u015f\u00e7i- \u0130nnova \u0130n\u015faat\u201dMMC \u201c\u015eu\u015fa Qonaq Evi\u201d Sifari\u015f\u00e7i &#8211; Ad\u0131n\u0131n m\u0259xvi saxlan\u0131lmas\u0131 bildirdi \u201cQ\u0259b\u0259l\u0259 Konqres M\u0259rk\u0259zi\u201d Sifari\u015f\u00e7i \u201c Foton\u201d MMC \u201cHac\u0131k\u0259nd Resort &amp; Spa Hotel\u201d Sifari\u015f\u00e7i \u201c TVM \u0130n\u015faat \u201dMMC<\/p>","protected":false},"author":1,"featured_media":0,"parent":0,"menu_order":0,"comment_status":"closed","ping_status":"closed","template":"elementor-template.php","meta":{"footnotes":""},"class_list":["post-21770","page","type-page","status-publish","hentry"],"_links":{"self":[{"href":"https:\/\/decorpro.az\/az\/wp-json\/wp\/v2\/pages\/21770","targetHints":{"allow":["GET"]}}],"collection":[{"href":"https:\/\/decorpro.az\/az\/wp-json\/wp\/v2\/pages"}],"about":[{"href":"https:\/\/decorpro.az\/az\/wp-json\/wp\/v2\/types\/page"}],"author":[{"embeddable":true,"href":"https:\/\/decorpro.az\/az\/wp-json\/wp\/v2\/users\/1"}],"replies":[{"embeddable":true,"href":"https:\/\/decorpro.az\/az\/wp-json\/wp\/v2\/comments?post=21770"}],"version-history":[{"count":7,"href":"https:\/\/decorpro.az\/az\/wp-json\/wp\/v2\/pages\/21770\/revisions"}],"predecessor-version":[{"id":21786,"href":"https:\/\/decorpro.az\/az\/wp-json\/wp\/v2\/pages\/21770\/revisions\/21786"}],"wp:attachment":[{"href":"https:\/\/decorpro.az\/az\/wp-json\/wp\/v2\/media?parent=21770"}],"curies":[{"name":"wp","href":"https:\/\/api.w.org\/{rel}","templated":true}]}}