{"id":21733,"date":"2026-03-29T21:32:59","date_gmt":"2026-03-29T17:32:59","guid":{"rendered":"https:\/\/decorpro.az\/?page_id=21733"},"modified":"2026-03-30T22:35:27","modified_gmt":"2026-03-30T18:35:27","slug":"m%c9%99hsullarimiz","status":"publish","type":"page","link":"https:\/\/decorpro.az\/az\/m%c9%99hsullarimiz\/","title":{"rendered":"M\u0259hsullar\u0131m\u0131z"},"content":{"rendered":"<div data-elementor-type=\"wp-page\" data-elementor-id=\"21733\" class=\"elementor elementor-21733\" data-elementor-post-type=\"page\">\n\t\t\t\t<div class=\"elementor-element elementor-element-01c4f45 e-flex e-con-boxed e-con e-parent\" data-id=\"01c4f45\" data-element_type=\"container\" data-e-type=\"container\" data-settings=\"{&quot;background_background&quot;:&quot;gradient&quot;}\">\n\t\t\t\t\t<div class=\"e-con-inner\">\n\t\t<div class=\"elementor-element elementor-element-d64a6ba e-con-full e-flex e-con e-child\" data-id=\"d64a6ba\" data-element_type=\"container\" data-e-type=\"container\">\n\t\t\t\t<div class=\"elementor-element elementor-element-3cbd426 elementor-icon-list--layout-traditional elementor-list-item-link-full_width elementor-widget elementor-widget-icon-list\" data-id=\"3cbd426\" data-element_type=\"widget\" data-e-type=\"widget\" data-widget_type=\"icon-list.default\">\n\t\t\t\t<div class=\"elementor-widget-container\">\n\t\t\t\t\t\t\t<ul class=\"elementor-icon-list-items\">\n\t\t\t\t\t\t\t<li class=\"elementor-icon-list-item\">\n\t\t\t\t\t\t\t\t\t\t\t<span class=\"elementor-icon-list-icon\">\n\t\t\t\t\t\t\t<i aria-hidden=\"true\" class=\"fas fa-check\"><\/i>\t\t\t\t\t\t<\/span>\n\t\t\t\t\t\t\t\t\t\t<span class=\"elementor-icon-list-text\">Ya\u011fl\u0131 boya v\u0259 akvarel texnikas\u0131 il\u0259 haz\u0131rlanm\u0131\u015f k\u0259tan \u00fcz\u0259rind\u0259 ekskl\u00fcziv r\u0259sm \u0259s\u0259rl\u0259ri<\/span>\n\t\t\t\t\t\t\t\t\t<\/li>\n\t\t\t\t\t\t\t\t<li class=\"elementor-icon-list-item\">\n\t\t\t\t\t\t\t\t\t\t\t<span class=\"elementor-icon-list-icon\">\n\t\t\t\t\t\t\t<i aria-hidden=\"true\" class=\"fas fa-check\"><\/i>\t\t\t\t\t\t<\/span>\n\t\t\t\t\t\t\t\t\t\t<span class=\"elementor-icon-list-text\">Termo pasta texnikas\u0131 il\u0259 yarad\u0131lm\u0131\u015f tekstural\u0131 b\u0259dii kompozisiyalar<\/span>\n\t\t\t\t\t\t\t\t\t<\/li>\n\t\t\t\t\t\t\t\t<li class=\"elementor-icon-list-item\">\n\t\t\t\t\t\t\t\t\t\t\t<span class=\"elementor-icon-list-icon\">\n\t\t\t\t\t\t\t<i aria-hidden=\"true\" class=\"fas fa-check\"><\/i>\t\t\t\t\t\t<\/span>\n\t\t\t\t\t\t\t\t\t\t<span class=\"elementor-icon-list-text\">Par\u00e7a v\u0259 r\u0259ngli ipl\u0259rl\u0259 haz\u0131rlanm\u0131\u015f unikal dekorativ panolar<\/span>\n\t\t\t\t\t\t\t\t\t<\/li>\n\t\t\t\t\t\t\t\t<li class=\"elementor-icon-list-item\">\n\t\t\t\t\t\t\t\t\t\t\t<span class=\"elementor-icon-list-icon\">\n\t\t\t\t\t\t\t<i aria-hidden=\"true\" class=\"fas fa-check\"><\/i>\t\t\t\t\t\t<\/span>\n\t\t\t\t\t\t\t\t\t\t<span class=\"elementor-icon-list-text\">M\u00fcxt\u0259lif materiallardan qravyular (a\u011fac, kompozit, mdf v\u0259 sair)<\/span>\n\t\t\t\t\t\t\t\t\t<\/li>\n\t\t\t\t\t\t\t\t<li class=\"elementor-icon-list-item\">\n\t\t\t\t\t\t\t\t\t\t\t<span class=\"elementor-icon-list-icon\">\n\t\t\t\t\t\t\t<i aria-hidden=\"true\" class=\"fas fa-check\"><\/i>\t\t\t\t\t\t<\/span>\n\t\t\t\t\t\t\t\t\t\t<span class=\"elementor-icon-list-text\">Velyur v\u0259 k\u0259tan \u00fcz\u0259rind\u0259 y\u00fcks\u0259k keyfiyy\u0259tli \u00e7ap h\u0259ll\u0259ri<\/span>\n\t\t\t\t\t\t\t\t\t<\/li>\n\t\t\t\t\t\t\t\t<li class=\"elementor-icon-list-item\">\n\t\t\t\t\t\t\t\t\t\t\t<span class=\"elementor-icon-list-icon\">\n\t\t\t\t\t\t\t<i aria-hidden=\"true\" class=\"fas fa-check\"><\/i>\t\t\t\t\t\t<\/span>\n\t\t\t\t\t\t\t\t\t\t<span class=\"elementor-icon-list-text\">Barelyef texnikas\u0131nda haz\u0131rlanm\u0131\u015f h\u0259cmli dekorativ elementl\u0259r<\/span>\n\t\t\t\t\t\t\t\t\t<\/li>\n\t\t\t\t\t\t<\/ul>\n\t\t\t\t\t\t<\/div>\n\t\t\t\t<\/div>\n\t\t\t\t<\/div>\n\t\t<div class=\"elementor-element elementor-element-9f954d0 e-con-full e-flex e-con e-child\" data-id=\"9f954d0\" data-element_type=\"container\" data-e-type=\"container\">\n\t\t\t\t<div class=\"elementor-element elementor-element-99c6298 elementor-widget elementor-widget-image\" data-id=\"99c6298\" data-element_type=\"widget\" data-e-type=\"widget\" data-widget_type=\"image.default\">\n\t\t\t\t<div class=\"elementor-widget-container\">\n\t\t\t\t\t\t\t\t\t\t\t\t\t\t\t<img fetchpriority=\"high\" decoding=\"async\" width=\"640\" height=\"640\" src=\"https:\/\/decorpro.az\/wp-content\/uploads\/2026\/03\/picture-1024x1024.png\" class=\"attachment-large size-large wp-image-21755\" alt=\"\" srcset=\"https:\/\/decorpro.az\/wp-content\/uploads\/2026\/03\/picture-1024x1024.png 1024w, https:\/\/decorpro.az\/wp-content\/uploads\/2026\/03\/picture-300x300.png 300w, https:\/\/decorpro.az\/wp-content\/uploads\/2026\/03\/picture-150x150.png 150w, https:\/\/decorpro.az\/wp-content\/uploads\/2026\/03\/picture-768x768.png 768w, https:\/\/decorpro.az\/wp-content\/uploads\/2026\/03\/picture-1536x1536.png 1536w, https:\/\/decorpro.az\/wp-content\/uploads\/2026\/03\/picture-12x12.png 12w, https:\/\/decorpro.az\/wp-content\/uploads\/2026\/03\/picture-600x600.png 600w, https:\/\/decorpro.az\/wp-content\/uploads\/2026\/03\/picture.png 2000w\" sizes=\"(max-width: 640px) 100vw, 640px\" \/>\t\t\t\t\t\t\t\t\t\t\t\t\t\t\t<\/div>\n\t\t\t\t<\/div>\n\t\t\t\t<\/div>\n\t\t\t\t\t<\/div>\n\t\t\t\t<\/div>\n\t\t\t\t<\/div>","protected":false},"excerpt":{"rendered":"<p>Ya\u011fl\u0131 boya v\u0259 akvarel texnikas\u0131 il\u0259 haz\u0131rlanm\u0131\u015f k\u0259tan \u00fcz\u0259rind\u0259 ekskl\u00fcziv r\u0259sm \u0259s\u0259rl\u0259ri Termo pasta texnikas\u0131 il\u0259 yarad\u0131lm\u0131\u015f tekstural\u0131 b\u0259dii kompozisiyalar Par\u00e7a v\u0259 r\u0259ngli ipl\u0259rl\u0259 haz\u0131rlanm\u0131\u015f unikal dekorativ panolar M\u00fcxt\u0259lif materiallardan qravyular (a\u011fac, kompozit, mdf v\u0259 sair) Velyur v\u0259 k\u0259tan \u00fcz\u0259rind\u0259 y\u00fcks\u0259k keyfiyy\u0259tli \u00e7ap h\u0259ll\u0259ri Barelyef texnikas\u0131nda haz\u0131rlanm\u0131\u015f h\u0259cmli dekorativ elementl\u0259r<\/p>","protected":false},"author":1,"featured_media":0,"parent":0,"menu_order":0,"comment_status":"closed","ping_status":"closed","template":"elementor-template.php","meta":{"footnotes":""},"class_list":["post-21733","page","type-page","status-publish","hentry"],"_links":{"self":[{"href":"https:\/\/decorpro.az\/az\/wp-json\/wp\/v2\/pages\/21733","targetHints":{"allow":["GET"]}}],"collection":[{"href":"https:\/\/decorpro.az\/az\/wp-json\/wp\/v2\/pages"}],"about":[{"href":"https:\/\/decorpro.az\/az\/wp-json\/wp\/v2\/types\/page"}],"author":[{"embeddable":true,"href":"https:\/\/decorpro.az\/az\/wp-json\/wp\/v2\/users\/1"}],"replies":[{"embeddable":true,"href":"https:\/\/decorpro.az\/az\/wp-json\/wp\/v2\/comments?post=21733"}],"version-history":[{"count":14,"href":"https:\/\/decorpro.az\/az\/wp-json\/wp\/v2\/pages\/21733\/revisions"}],"predecessor-version":[{"id":21769,"href":"https:\/\/decorpro.az\/az\/wp-json\/wp\/v2\/pages\/21733\/revisions\/21769"}],"wp:attachment":[{"href":"https:\/\/decorpro.az\/az\/wp-json\/wp\/v2\/media?parent=21733"}],"curies":[{"name":"wp","href":"https:\/\/api.w.org\/{rel}","templated":true}]}}